{"id":26797,"date":"2018-10-11T16:58:27","date_gmt":"2018-10-11T14:58:27","guid":{"rendered":"https:\/\/kkphil.at\/?page_id=26797"},"modified":"2018-10-31T11:53:16","modified_gmt":"2018-10-31T10:53:16","slug":"kunstnerne","status":"publish","type":"page","link":"https:\/\/kkphil.at\/no\/kunstnerne\/","title":{"rendered":"Kunstnerne"},"content":{"rendered":"<div id=\"cmsmasters_row_3dnfhnynv\" class=\"cmsmasters_row cmsmasters_color_scheme_default cmsmasters_row_top_default cmsmasters_row_bot_default cmsmasters_row_boxed\">\n<div class=\"cmsmasters_row_outer_parent\">\n<div class=\"cmsmasters_row_outer\">\n<div class=\"cmsmasters_row_inner\">\n<div class=\"cmsmasters_row_margin\">\n<div id=\"cmsmasters_column_x4jfi1a5kn\" class=\"cmsmasters_column one_first\">\n<div class=\"cmsmasters_column_inner\"><div class=\"cmsmasters_text\">\n<h1>Kunstnerne<\/h1>\n<\/div>\n<\/div><\/div>\n<\/div>\n<\/div>\n<\/div>\n<\/div>\n<\/div>\n<div id=\"cmsmasters_row_s86q7ek35a\" class=\"cmsmasters_row cmsmasters_color_scheme_default cmsmasters_row_top_default cmsmasters_row_bot_default cmsmasters_row_boxed\">\n<div class=\"cmsmasters_row_outer_parent\">\n<div class=\"cmsmasters_row_outer\">\n<div class=\"cmsmasters_row_inner\">\n<div class=\"cmsmasters_row_margin\">\n<div id=\"cmsmasters_column_osctxxubi9\" class=\"cmsmasters_column one_first\">\n<div class=\"cmsmasters_column_inner\">\n<div id=\"cmsmasters_profile_69df99090452c\" class=\"cmsmasters_profile horizontal\">\n<!-- Start Profile Horizontal Article -->\r\n<article id=\"post-26793\" class=\"cmsmasters_profile_horizontal one_fourth post-26793 profile type-profile status-publish has-post-thumbnail hentry pl-categs-ensemble pl-categs-kuenstler\">\r\n\t<div class=\"profile_outer\">\r\n\t<div class=\"cmsmasters_profile_img_wrap\"><figure class=\"cmsmasters_img_rollover_wrap preloader\"><img loading=\"lazy\" decoding=\"async\" width=\"300\" height=\"300\" src=\"https:\/\/kkphil.at\/wp-content\/uploads\/2018\/04\/Head_Image_light_112-300x300.jpg\" class=\"full-width wp-post-image\" alt=\"Das \u00d6sterreichische K&#038;K Ballett\" title=\"Head_Image_light_112\" srcset=\"https:\/\/kkphil.at\/wp-content\/uploads\/2018\/04\/Head_Image_light_112-300x300.jpg 300w, https:\/\/kkphil.at\/wp-content\/uploads\/2018\/04\/Head_Image_light_112-540x540.jpg 540w, https:\/\/kkphil.at\/wp-content\/uploads\/2018\/04\/Head_Image_light_112-150x150.jpg 150w, https:\/\/kkphil.at\/wp-content\/uploads\/2018\/04\/Head_Image_light_112-70x70.jpg 70w, https:\/\/kkphil.at\/wp-content\/uploads\/2018\/04\/Head_Image_light_112-360x360.jpg 360w, https:\/\/kkphil.at\/wp-content\/uploads\/2018\/04\/Head_Image_light_112-580x580.jpg 580w, https:\/\/kkphil.at\/wp-content\/uploads\/2018\/04\/Head_Image_light_112-100x100.jpg 100w\" sizes=\"auto, (max-width: 300px) 100vw, 300px\" \/><div class=\"cmsmasters_img_rollover\"><a href=\"https:\/\/kkphil.at\/no\/ueber-uns\/das-oesterreichische-kk-ballett\/\" title=\"Das \u00d6sterreichische K&#038;K Ballett\" class=\"cmsmasters_open_post_link cmsmasters_theme_icon_post_link\"><\/a><\/div><\/figure><\/div><div class=\"profile_inner\"><header class=\"cmsmasters_profile_header entry-header\"><h4 class=\"cmsmasters_profile_title entry-title\"><a href=\"https:\/\/kkphil.at\/no\/ueber-uns\/das-oesterreichische-kk-ballett\/\">Das \u00d6sterreichische K&#038;K Ballett<\/a><\/h4><h6 class=\"cmsmasters_profile_subtitle\">Grunnlagt av Matthias Georg Kendlinger<\/h6><\/header><div class=\"cmsmasters_profile_content entry-content\">\n<p>Kompaniet som ble grunnlagt i 1998 utelukkende for Wiener Johann Strauss Konzert-Gala, har man senere kunnet oppleve i mange DaCapo-produksjoner....<\/p>\n<\/div>\n<\/div>\t<\/div>\r\n<\/article>\r\n<!-- Finish Profile Horizontal Article -->\r\n\r\n<!-- Start Profile Horizontal Article -->\r\n<article id=\"post-26795\" class=\"cmsmasters_profile_horizontal one_fourth post-26795 profile type-profile status-publish has-post-thumbnail hentry pl-categs-ensemble pl-categs-kuenstler\">\r\n\t<div class=\"profile_outer\">\r\n\t<div class=\"cmsmasters_profile_img_wrap\"><figure class=\"cmsmasters_img_rollover_wrap preloader\"><img loading=\"lazy\" decoding=\"async\" width=\"300\" height=\"300\" src=\"https:\/\/kkphil.at\/wp-content\/uploads\/2018\/09\/KK-Streichquartett_2-300x300.jpg\" class=\"full-width wp-post-image\" alt=\"K&#038;K String Quartet\" title=\"K&amp;K-Streichquartett_2\" srcset=\"https:\/\/kkphil.at\/wp-content\/uploads\/2018\/09\/KK-Streichquartett_2-300x300.jpg 300w, https:\/\/kkphil.at\/wp-content\/uploads\/2018\/09\/KK-Streichquartett_2-70x70.jpg 70w, https:\/\/kkphil.at\/wp-content\/uploads\/2018\/09\/KK-Streichquartett_2-360x360.jpg 360w, https:\/\/kkphil.at\/wp-content\/uploads\/2018\/09\/KK-Streichquartett_2-580x580.jpg 580w\" sizes=\"auto, (max-width: 300px) 100vw, 300px\" \/><div class=\"cmsmasters_img_rollover\"><a href=\"https:\/\/kkphil.at\/no\/ueber-uns\/kk-string-quartet\/\" title=\"K&#038;K String Quartet\" class=\"cmsmasters_open_post_link cmsmasters_theme_icon_post_link\"><\/a><\/div><\/figure><\/div><div class=\"profile_inner\"><header class=\"cmsmasters_profile_header entry-header\"><h4 class=\"cmsmasters_profile_title entry-title\"><a href=\"https:\/\/kkphil.at\/no\/ueber-uns\/kk-string-quartet\/\">K&#038;K String Quartet<\/a><\/h4><\/header><\/div>\t<\/div>\r\n<\/article>\r\n<!-- Finish Profile Horizontal Article -->\r\n\r\n<!-- Start Profile Horizontal Article -->\r\n<article id=\"post-26725\" class=\"cmsmasters_profile_horizontal one_fourth post-26725 profile type-profile status-publish has-post-thumbnail hentry pl-categs-dirigent pl-categs-gruender pl-categs-kuenstler\">\r\n\t<div class=\"profile_outer\">\r\n\t<div class=\"cmsmasters_profile_img_wrap\"><figure class=\"cmsmasters_img_rollover_wrap preloader\"><img loading=\"lazy\" decoding=\"async\" width=\"300\" height=\"300\" src=\"https:\/\/kkphil.at\/wp-content\/uploads\/2018\/01\/Matthias-Georg-Kendlinger\u00a9Ascher-300x300.jpg\" class=\"full-width wp-post-image\" alt=\"Matthias Georg Kendlinger\" title=\"Matthias Georg Kendlinger\u00a9Ascher\" srcset=\"https:\/\/kkphil.at\/wp-content\/uploads\/2018\/01\/Matthias-Georg-Kendlinger\u00a9Ascher-300x300.jpg 300w, https:\/\/kkphil.at\/wp-content\/uploads\/2018\/01\/Matthias-Georg-Kendlinger\u00a9Ascher-70x70.jpg 70w, https:\/\/kkphil.at\/wp-content\/uploads\/2018\/01\/Matthias-Georg-Kendlinger\u00a9Ascher-360x360.jpg 360w\" sizes=\"auto, (max-width: 300px) 100vw, 300px\" \/><div class=\"cmsmasters_img_rollover\"><a href=\"https:\/\/kkphil.at\/no\/ueber-uns\/matthias-georg-kendlinger\/\" title=\"Matthias Georg Kendlinger\" class=\"cmsmasters_open_post_link cmsmasters_theme_icon_post_link\"><\/a><\/div><\/figure><\/div><div class=\"profile_inner\"><header class=\"cmsmasters_profile_header entry-header\"><h4 class=\"cmsmasters_profile_title entry-title\"><a href=\"https:\/\/kkphil.at\/no\/ueber-uns\/matthias-georg-kendlinger\/\">Matthias Georg Kendlinger<\/a><\/h4><h6 class=\"cmsmasters_profile_subtitle\">Komponist, dirigent, grunnlegger<\/h6><\/header><div class=\"cmsmasters_profile_content entry-content\">\n<p>I tillegg til K&K Philharmoniker, grunnla den \u00f8sterrikske impresarioen, dirigenten og komponisten Matthias Georg Kendlinger den \u00f8sterrikske K&K Ballett, K&K Opernchor og Tiroler Beethoven-dagene\u2026<\/p>\n<\/div>\n<\/div>\t<\/div>\r\n<\/article>\r\n<!-- Finish Profile Horizontal Article -->\r\n\r\n<!-- Start Profile Horizontal Article -->\r\n<article id=\"post-26727\" class=\"cmsmasters_profile_horizontal one_fourth post-26727 profile type-profile status-publish has-post-thumbnail hentry pl-categs-ensemble pl-categs-kuenstler\">\r\n\t<div class=\"profile_outer\">\r\n\t<div class=\"cmsmasters_profile_img_wrap\"><figure class=\"cmsmasters_img_rollover_wrap preloader\"><img loading=\"lazy\" decoding=\"async\" width=\"300\" height=\"300\" src=\"https:\/\/kkphil.at\/wp-content\/uploads\/2018\/06\/Streicher_1920x1275-300x300.jpg\" class=\"full-width wp-post-image\" alt=\"K&#038;K Philharmoniker\" title=\"Streicher_1920x1275\" srcset=\"https:\/\/kkphil.at\/wp-content\/uploads\/2018\/06\/Streicher_1920x1275-300x300.jpg 300w, https:\/\/kkphil.at\/wp-content\/uploads\/2018\/06\/Streicher_1920x1275-70x70.jpg 70w, https:\/\/kkphil.at\/wp-content\/uploads\/2018\/06\/Streicher_1920x1275-360x360.jpg 360w, https:\/\/kkphil.at\/wp-content\/uploads\/2018\/06\/Streicher_1920x1275-580x580.jpg 580w\" sizes=\"auto, (max-width: 300px) 100vw, 300px\" \/><div class=\"cmsmasters_img_rollover\"><a href=\"https:\/\/kkphil.at\/no\/ueber-uns\/kk-philharmoniker\/\" title=\"K&#038;K Philharmoniker\" class=\"cmsmasters_open_post_link cmsmasters_theme_icon_post_link\"><\/a><\/div><\/figure><\/div><div class=\"profile_inner\"><header class=\"cmsmasters_profile_header entry-header\"><h4 class=\"cmsmasters_profile_title entry-title\"><a href=\"https:\/\/kkphil.at\/no\/ueber-uns\/kk-philharmoniker\/\">K&#038;K Philharmoniker<\/a><\/h4><h6 class=\"cmsmasters_profile_subtitle\">Grunnlagt av Matthias Georg Kendlinger<\/h6><\/header><div class=\"cmsmasters_profile_content entry-content\">\n<p>Det anerkjente ensemblet med initialene til sin \u00f8sterrikske grunnlegger Matthias Georg Kendlinger og hans kone Larissa, har b\u00e5nd til den gylne \u00e6raen til Donau-monarkiet med sin fantastiske musikktradisjon\u2026<\/p>\n<\/div>\n<\/div>\t<\/div>\r\n<\/article>\r\n<!-- Finish Profile Horizontal Article -->\r\n\r\n<\/div>\n<\/div><\/div>\n<\/div>\n<\/div>\n<\/div>\n<\/div>\n<\/div>\n\n","protected":false},"excerpt":{"rendered":"","protected":false},"author":1,"featured_media":0,"parent":0,"menu_order":0,"comment_status":"closed","ping_status":"closed","template":"","meta":{"footnotes":""},"class_list":["post-26797","page","type-page","status-publish","hentry"],"yoast_head":"<!-- This site is optimized with the Yoast SEO plugin v26.9 - https:\/\/yoast.com\/product\/yoast-seo-wordpress\/ -->\n<title>Kunstnerne - Kendlingers K&amp;K Philharmoniker<\/title>\n<meta name=\"robots\" content=\"index, follow, max-snippet:-1, max-image-preview:large, max-video-preview:-1\" \/>\n<link rel=\"canonical\" href=\"https:\/\/kkphil.at\/no\/kunstnerne\/\" \/>\n<meta property=\"og:locale\" content=\"nb_NO\" \/>\n<meta property=\"og:type\" content=\"article\" \/>\n<meta property=\"og:title\" content=\"Kunstnerne - Kendlingers K&amp;K Philharmoniker\" \/>\n<meta property=\"og:url\" content=\"https:\/\/kkphil.at\/no\/kunstnerne\/\" \/>\n<meta property=\"og:site_name\" content=\"Kendlingers K&amp;K Philharmoniker\" \/>\n<meta property=\"article:modified_time\" content=\"2018-10-31T10:53:16+00:00\" \/>\n<meta name=\"twitter:card\" content=\"summary_large_image\" \/>\n<meta name=\"twitter:label1\" content=\"Ansl. lesetid\" \/>\n\t<meta name=\"twitter:data1\" content=\"1 minutt\" \/>\n<script type=\"application\/ld+json\" class=\"yoast-schema-graph\">{\"@context\":\"https:\/\/schema.org\",\"@graph\":[{\"@type\":\"WebPage\",\"@id\":\"https:\/\/kkphil.at\/no\/kunstnerne\/\",\"url\":\"https:\/\/kkphil.at\/no\/kunstnerne\/\",\"name\":\"Kunstnerne - Kendlingers K&amp;K Philharmoniker\",\"isPartOf\":{\"@id\":\"https:\/\/kkphil.at\/#website\"},\"datePublished\":\"2018-10-11T14:58:27+00:00\",\"dateModified\":\"2018-10-31T10:53:16+00:00\",\"breadcrumb\":{\"@id\":\"https:\/\/kkphil.at\/no\/kunstnerne\/#breadcrumb\"},\"inLanguage\":\"nb-NO\",\"potentialAction\":[{\"@type\":\"ReadAction\",\"target\":[\"https:\/\/kkphil.at\/no\/kunstnerne\/\"]}]},{\"@type\":\"BreadcrumbList\",\"@id\":\"https:\/\/kkphil.at\/no\/kunstnerne\/#breadcrumb\",\"itemListElement\":[{\"@type\":\"ListItem\",\"position\":1,\"name\":\"Home\",\"item\":\"https:\/\/kkphil.at\/no\/\"},{\"@type\":\"ListItem\",\"position\":2,\"name\":\"Kunstnerne\"}]},{\"@type\":\"WebSite\",\"@id\":\"https:\/\/kkphil.at\/#website\",\"url\":\"https:\/\/kkphil.at\/\",\"name\":\"Kendlingers K&amp;K Philharmoniker\",\"description\":\"Konzerte von Matthias Georg Kendlinger und seinen K&amp;K Ensembles\",\"publisher\":{\"@id\":\"https:\/\/kkphil.at\/#organization\"},\"potentialAction\":[{\"@type\":\"SearchAction\",\"target\":{\"@type\":\"EntryPoint\",\"urlTemplate\":\"https:\/\/kkphil.at\/?s={search_term_string}\"},\"query-input\":{\"@type\":\"PropertyValueSpecification\",\"valueRequired\":true,\"valueName\":\"search_term_string\"}}],\"inLanguage\":\"nb-NO\"},{\"@type\":\"Organization\",\"@id\":\"https:\/\/kkphil.at\/#organization\",\"name\":\"Kendlingers K&K Philharmoniker\",\"url\":\"https:\/\/kkphil.at\/\",\"logo\":{\"@type\":\"ImageObject\",\"inLanguage\":\"nb-NO\",\"@id\":\"https:\/\/kkphil.at\/#\/schema\/logo\/image\/\",\"url\":\"https:\/\/kkphil.at\/wp-content\/uploads\/2019\/05\/KK_head_Logo_19_ret_gs.png\",\"contentUrl\":\"https:\/\/kkphil.at\/wp-content\/uploads\/2019\/05\/KK_head_Logo_19_ret_gs.png\",\"width\":3543,\"height\":709,\"caption\":\"Kendlingers K&K Philharmoniker\"},\"image\":{\"@id\":\"https:\/\/kkphil.at\/#\/schema\/logo\/image\/\"}}]}<\/script>\n<!-- \/ Yoast SEO plugin. -->","yoast_head_json":{"title":"Kunstnerne - Kendlingers K&amp;K Philharmoniker","robots":{"index":"index","follow":"follow","max-snippet":"max-snippet:-1","max-image-preview":"max-image-preview:large","max-video-preview":"max-video-preview:-1"},"canonical":"https:\/\/kkphil.at\/no\/kunstnerne\/","og_locale":"nb_NO","og_type":"article","og_title":"Kunstnerne - Kendlingers K&amp;K Philharmoniker","og_url":"https:\/\/kkphil.at\/no\/kunstnerne\/","og_site_name":"Kendlingers K&amp;K Philharmoniker","article_modified_time":"2018-10-31T10:53:16+00:00","twitter_card":"summary_large_image","twitter_misc":{"Ansl. lesetid":"1 minutt"},"schema":{"@context":"https:\/\/schema.org","@graph":[{"@type":"WebPage","@id":"https:\/\/kkphil.at\/no\/kunstnerne\/","url":"https:\/\/kkphil.at\/no\/kunstnerne\/","name":"Kunstnerne - Kendlingers K&amp;K Philharmoniker","isPartOf":{"@id":"https:\/\/kkphil.at\/#website"},"datePublished":"2018-10-11T14:58:27+00:00","dateModified":"2018-10-31T10:53:16+00:00","breadcrumb":{"@id":"https:\/\/kkphil.at\/no\/kunstnerne\/#breadcrumb"},"inLanguage":"nb-NO","potentialAction":[{"@type":"ReadAction","target":["https:\/\/kkphil.at\/no\/kunstnerne\/"]}]},{"@type":"BreadcrumbList","@id":"https:\/\/kkphil.at\/no\/kunstnerne\/#breadcrumb","itemListElement":[{"@type":"ListItem","position":1,"name":"Home","item":"https:\/\/kkphil.at\/no\/"},{"@type":"ListItem","position":2,"name":"Kunstnerne"}]},{"@type":"WebSite","@id":"https:\/\/kkphil.at\/#website","url":"https:\/\/kkphil.at\/","name":"Kendlingers K&amp;K Philharmoniker","description":"Konzerte von Matthias Georg Kendlinger und seinen K&amp;K Ensembles","publisher":{"@id":"https:\/\/kkphil.at\/#organization"},"potentialAction":[{"@type":"SearchAction","target":{"@type":"EntryPoint","urlTemplate":"https:\/\/kkphil.at\/?s={search_term_string}"},"query-input":{"@type":"PropertyValueSpecification","valueRequired":true,"valueName":"search_term_string"}}],"inLanguage":"nb-NO"},{"@type":"Organization","@id":"https:\/\/kkphil.at\/#organization","name":"Kendlingers K&K Philharmoniker","url":"https:\/\/kkphil.at\/","logo":{"@type":"ImageObject","inLanguage":"nb-NO","@id":"https:\/\/kkphil.at\/#\/schema\/logo\/image\/","url":"https:\/\/kkphil.at\/wp-content\/uploads\/2019\/05\/KK_head_Logo_19_ret_gs.png","contentUrl":"https:\/\/kkphil.at\/wp-content\/uploads\/2019\/05\/KK_head_Logo_19_ret_gs.png","width":3543,"height":709,"caption":"Kendlingers K&K Philharmoniker"},"image":{"@id":"https:\/\/kkphil.at\/#\/schema\/logo\/image\/"}}]}},"_links":{"self":[{"href":"https:\/\/kkphil.at\/no\/wp-json\/wp\/v2\/pages\/26797","targetHints":{"allow":["GET"]}}],"collection":[{"href":"https:\/\/kkphil.at\/no\/wp-json\/wp\/v2\/pages"}],"about":[{"href":"https:\/\/kkphil.at\/no\/wp-json\/wp\/v2\/types\/page"}],"author":[{"embeddable":true,"href":"https:\/\/kkphil.at\/no\/wp-json\/wp\/v2\/users\/1"}],"replies":[{"embeddable":true,"href":"https:\/\/kkphil.at\/no\/wp-json\/wp\/v2\/comments?post=26797"}],"version-history":[{"count":0,"href":"https:\/\/kkphil.at\/no\/wp-json\/wp\/v2\/pages\/26797\/revisions"}],"wp:attachment":[{"href":"https:\/\/kkphil.at\/no\/wp-json\/wp\/v2\/media?parent=26797"}],"curies":[{"name":"wp","href":"https:\/\/api.w.org\/{rel}","templated":true}]}}