{"id":29618,"date":"2019-03-14T08:58:43","date_gmt":"2019-03-14T07:58:43","guid":{"rendered":"https:\/\/kkphil.at\/?page_id=29618"},"modified":"2019-03-26T09:05:29","modified_gmt":"2019-03-26T08:05:29","slug":"produktionsangebot","status":"publish","type":"page","link":"https:\/\/kkphil.at\/en\/produktionsangebot\/","title":{"rendered":"Produktionsangebot"},"content":{"rendered":"<div id=\"cmsmasters_row_4abeuwcj7b\" class=\"cmsmasters_row cmsmasters_color_scheme_default cmsmasters_row_top_default cmsmasters_row_bot_default cmsmasters_row_boxed\">\n<div class=\"cmsmasters_row_outer_parent\">\n<div class=\"cmsmasters_row_outer\">\n<div class=\"cmsmasters_row_inner\">\n<div class=\"cmsmasters_row_margin\">\n<div id=\"cmsmasters_column_29s49mx1l9\" class=\"cmsmasters_column one_first\">\n<div class=\"cmsmasters_column_inner\"><div class=\"cmsmasters_text\">\n<h2>Produktionsangebot<\/h2>\n<p>Hier finden Sie einen \u00dcberblick unserer aktuell angebotenen B\u00fchnenproduktionen f\u00fcr Veranstalter. Bei Fragen zu Details wie Produktionsvarianten und Verkaufspreise wenden Sie sich bitte an unseren zust\u00e4ndigen <a href=\"#Kontakt\">Mitarbeiter<\/a>.<\/p>\n<\/div>\n<\/div><\/div>\n<\/div>\n<\/div>\n<\/div>\n<\/div>\n<\/div>\n<div id=\"cmsmasters_row_0qnmebq4jd\" class=\"cmsmasters_row cmsmasters_color_scheme_default cmsmasters_row_top_default cmsmasters_row_bot_default cmsmasters_row_boxed\">\n<div class=\"cmsmasters_row_outer_parent\">\n<div class=\"cmsmasters_row_outer\">\n<div class=\"cmsmasters_row_inner\">\n<div class=\"cmsmasters_row_margin\">\n<div id=\"cmsmasters_column_tp5qe16ijc\" class=\"cmsmasters_column one_first\">\n<div class=\"cmsmasters_column_inner\"><div class=\"cmsmasters_text\">\n<p><code>[display-posts category=\"Verkaufstournee\" include_title=\"true\" image_size=\"medium\" include_excerpt=\"true\" excerpt_more_link=\"true\" excerpt_length=\"10\" orderby=\"title\" order=\"ASC\"]<\/code><\/p>\n<\/div>\n<\/div><\/div>\n<\/div>\n<\/div>\n<\/div>\n<\/div>\n<\/div>\n<div id=\"cmsmasters_row_n1t3q1qmtb\" class=\"cmsmasters_row cmsmasters_color_scheme_default cmsmasters_row_top_default cmsmasters_row_bot_default cmsmasters_row_boxed\">\n<div id=\"Kontakt\" class=\"cmsmasters_row_outer_parent\">\n<div class=\"cmsmasters_row_outer\">\n<div class=\"cmsmasters_row_inner\">\n<div class=\"cmsmasters_row_margin\">\n<div id=\"cmsmasters_column_hko3muiyos\" class=\"cmsmasters_column one_first Kontakt\">\n<div class=\"cmsmasters_column_inner\"><div class=\"cmsmasters_text\">\n<hr \/>\n<h4>Contact<\/h4>\n<p style=\"padding-left: 30px;\"><img loading=\"lazy\" decoding=\"async\" class=\"wp-image-18285 size-thumbnail alignleft\" src=\"https:\/\/kkphil.at\/wp-content\/uploads\/2018\/05\/Quadrat-150x150.jpg\" alt=\"\" width=\"150\" height=\"150\" srcset=\"https:\/\/kkphil.at\/wp-content\/uploads\/2018\/05\/Quadrat-150x150.jpg 150w, https:\/\/kkphil.at\/wp-content\/uploads\/2018\/05\/Quadrat-300x300.jpg 300w, https:\/\/kkphil.at\/wp-content\/uploads\/2018\/05\/Quadrat.jpg 600w, https:\/\/kkphil.at\/wp-content\/uploads\/2018\/05\/Quadrat-70x70.jpg 70w, https:\/\/kkphil.at\/wp-content\/uploads\/2018\/05\/Quadrat-360x360.jpg 360w, https:\/\/kkphil.at\/wp-content\/uploads\/2018\/05\/Quadrat-580x580.jpg 580w\" sizes=\"auto, (max-width: 150px) 100vw, 150px\" \/>Heidi B\u00f6senberg<br \/>\n<a href=\"mailto:thomas@dacapo.at\">heidi@dacapo.at<\/a><br \/>\n0043\/(0)5373\/43334-27<\/p>\n<\/div>\n<\/div><\/div>\n<\/div>\n<\/div>\n<\/div>\n<\/div>\n<\/div>\n\n","protected":false},"excerpt":{"rendered":"","protected":false},"author":1,"featured_media":0,"parent":0,"menu_order":0,"comment_status":"closed","ping_status":"closed","template":"","meta":{"footnotes":""},"class_list":["post-29618","page","type-page","status-publish","hentry"],"yoast_head":"<!-- This site is optimized with the Yoast SEO plugin v26.9 - https:\/\/yoast.com\/product\/yoast-seo-wordpress\/ -->\n<title>Produktionsangebot - Kendlingers K&amp;K Philharmoniker<\/title>\n<meta name=\"robots\" content=\"noindex, nofollow\" \/>\n<meta property=\"og:locale\" content=\"en_US\" \/>\n<meta property=\"og:type\" content=\"article\" \/>\n<meta property=\"og:title\" content=\"Produktionsangebot - Kendlingers K&amp;K Philharmoniker\" \/>\n<meta property=\"og:url\" content=\"https:\/\/kkphil.at\/en\/produktionsangebot\/\" \/>\n<meta property=\"og:site_name\" content=\"Kendlingers K&amp;K Philharmoniker\" \/>\n<meta property=\"article:modified_time\" content=\"2019-03-26T08:05:29+00:00\" \/>\n<meta property=\"og:image\" content=\"https:\/\/kkphil.at\/wp-content\/uploads\/2018\/05\/Quadrat-150x150.jpg\" \/>\n<meta name=\"twitter:card\" content=\"summary_large_image\" \/>\n<meta name=\"twitter:label1\" content=\"Est. reading time\" \/>\n\t<meta name=\"twitter:data1\" content=\"2 minutes\" \/>\n<script type=\"application\/ld+json\" class=\"yoast-schema-graph\">{\"@context\":\"https:\/\/schema.org\",\"@graph\":[{\"@type\":\"WebPage\",\"@id\":\"https:\/\/kkphil.at\/en\/produktionsangebot\/\",\"url\":\"https:\/\/kkphil.at\/en\/produktionsangebot\/\",\"name\":\"Produktionsangebot - Kendlingers K&amp;K Philharmoniker\",\"isPartOf\":{\"@id\":\"https:\/\/kkphil.at\/#website\"},\"primaryImageOfPage\":{\"@id\":\"https:\/\/kkphil.at\/en\/produktionsangebot\/#primaryimage\"},\"image\":{\"@id\":\"https:\/\/kkphil.at\/en\/produktionsangebot\/#primaryimage\"},\"thumbnailUrl\":\"https:\/\/kkphil.at\/wp-content\/uploads\/2018\/05\/Quadrat-150x150.jpg\",\"datePublished\":\"2019-03-14T07:58:43+00:00\",\"dateModified\":\"2019-03-26T08:05:29+00:00\",\"breadcrumb\":{\"@id\":\"https:\/\/kkphil.at\/en\/produktionsangebot\/#breadcrumb\"},\"inLanguage\":\"en-US\",\"potentialAction\":[{\"@type\":\"ReadAction\",\"target\":[\"https:\/\/kkphil.at\/en\/produktionsangebot\/\"]}]},{\"@type\":\"ImageObject\",\"inLanguage\":\"en-US\",\"@id\":\"https:\/\/kkphil.at\/en\/produktionsangebot\/#primaryimage\",\"url\":\"https:\/\/kkphil.at\/wp-content\/uploads\/2018\/05\/Quadrat-150x150.jpg\",\"contentUrl\":\"https:\/\/kkphil.at\/wp-content\/uploads\/2018\/05\/Quadrat-150x150.jpg\"},{\"@type\":\"BreadcrumbList\",\"@id\":\"https:\/\/kkphil.at\/en\/produktionsangebot\/#breadcrumb\",\"itemListElement\":[{\"@type\":\"ListItem\",\"position\":1,\"name\":\"Home\",\"item\":\"https:\/\/kkphil.at\/en\/\"},{\"@type\":\"ListItem\",\"position\":2,\"name\":\"Produktionsangebot\"}]},{\"@type\":\"WebSite\",\"@id\":\"https:\/\/kkphil.at\/#website\",\"url\":\"https:\/\/kkphil.at\/\",\"name\":\"Kendlingers K&amp;K Philharmoniker\",\"description\":\"Konzerte von Matthias Georg Kendlinger und seinen K&amp;K Ensembles\",\"publisher\":{\"@id\":\"https:\/\/kkphil.at\/#organization\"},\"potentialAction\":[{\"@type\":\"SearchAction\",\"target\":{\"@type\":\"EntryPoint\",\"urlTemplate\":\"https:\/\/kkphil.at\/?s={search_term_string}\"},\"query-input\":{\"@type\":\"PropertyValueSpecification\",\"valueRequired\":true,\"valueName\":\"search_term_string\"}}],\"inLanguage\":\"en-US\"},{\"@type\":\"Organization\",\"@id\":\"https:\/\/kkphil.at\/#organization\",\"name\":\"Kendlingers K&K Philharmoniker\",\"url\":\"https:\/\/kkphil.at\/\",\"logo\":{\"@type\":\"ImageObject\",\"inLanguage\":\"en-US\",\"@id\":\"https:\/\/kkphil.at\/#\/schema\/logo\/image\/\",\"url\":\"https:\/\/kkphil.at\/wp-content\/uploads\/2019\/05\/KK_head_Logo_19_ret_gs.png\",\"contentUrl\":\"https:\/\/kkphil.at\/wp-content\/uploads\/2019\/05\/KK_head_Logo_19_ret_gs.png\",\"width\":3543,\"height\":709,\"caption\":\"Kendlingers K&K Philharmoniker\"},\"image\":{\"@id\":\"https:\/\/kkphil.at\/#\/schema\/logo\/image\/\"}}]}<\/script>\n<!-- \/ Yoast SEO plugin. -->","yoast_head_json":{"title":"Produktionsangebot - Kendlingers K&amp;K Philharmoniker","robots":{"index":"noindex","follow":"nofollow"},"og_locale":"en_US","og_type":"article","og_title":"Produktionsangebot - Kendlingers K&amp;K Philharmoniker","og_url":"https:\/\/kkphil.at\/en\/produktionsangebot\/","og_site_name":"Kendlingers K&amp;K Philharmoniker","article_modified_time":"2019-03-26T08:05:29+00:00","og_image":[{"url":"https:\/\/kkphil.at\/wp-content\/uploads\/2018\/05\/Quadrat-150x150.jpg","type":"","width":"","height":""}],"twitter_card":"summary_large_image","twitter_misc":{"Est. reading time":"2 minutes"},"schema":{"@context":"https:\/\/schema.org","@graph":[{"@type":"WebPage","@id":"https:\/\/kkphil.at\/en\/produktionsangebot\/","url":"https:\/\/kkphil.at\/en\/produktionsangebot\/","name":"Produktionsangebot - Kendlingers K&amp;K Philharmoniker","isPartOf":{"@id":"https:\/\/kkphil.at\/#website"},"primaryImageOfPage":{"@id":"https:\/\/kkphil.at\/en\/produktionsangebot\/#primaryimage"},"image":{"@id":"https:\/\/kkphil.at\/en\/produktionsangebot\/#primaryimage"},"thumbnailUrl":"https:\/\/kkphil.at\/wp-content\/uploads\/2018\/05\/Quadrat-150x150.jpg","datePublished":"2019-03-14T07:58:43+00:00","dateModified":"2019-03-26T08:05:29+00:00","breadcrumb":{"@id":"https:\/\/kkphil.at\/en\/produktionsangebot\/#breadcrumb"},"inLanguage":"en-US","potentialAction":[{"@type":"ReadAction","target":["https:\/\/kkphil.at\/en\/produktionsangebot\/"]}]},{"@type":"ImageObject","inLanguage":"en-US","@id":"https:\/\/kkphil.at\/en\/produktionsangebot\/#primaryimage","url":"https:\/\/kkphil.at\/wp-content\/uploads\/2018\/05\/Quadrat-150x150.jpg","contentUrl":"https:\/\/kkphil.at\/wp-content\/uploads\/2018\/05\/Quadrat-150x150.jpg"},{"@type":"BreadcrumbList","@id":"https:\/\/kkphil.at\/en\/produktionsangebot\/#breadcrumb","itemListElement":[{"@type":"ListItem","position":1,"name":"Home","item":"https:\/\/kkphil.at\/en\/"},{"@type":"ListItem","position":2,"name":"Produktionsangebot"}]},{"@type":"WebSite","@id":"https:\/\/kkphil.at\/#website","url":"https:\/\/kkphil.at\/","name":"Kendlingers K&amp;K Philharmoniker","description":"Konzerte von Matthias Georg Kendlinger und seinen K&amp;K Ensembles","publisher":{"@id":"https:\/\/kkphil.at\/#organization"},"potentialAction":[{"@type":"SearchAction","target":{"@type":"EntryPoint","urlTemplate":"https:\/\/kkphil.at\/?s={search_term_string}"},"query-input":{"@type":"PropertyValueSpecification","valueRequired":true,"valueName":"search_term_string"}}],"inLanguage":"en-US"},{"@type":"Organization","@id":"https:\/\/kkphil.at\/#organization","name":"Kendlingers K&K Philharmoniker","url":"https:\/\/kkphil.at\/","logo":{"@type":"ImageObject","inLanguage":"en-US","@id":"https:\/\/kkphil.at\/#\/schema\/logo\/image\/","url":"https:\/\/kkphil.at\/wp-content\/uploads\/2019\/05\/KK_head_Logo_19_ret_gs.png","contentUrl":"https:\/\/kkphil.at\/wp-content\/uploads\/2019\/05\/KK_head_Logo_19_ret_gs.png","width":3543,"height":709,"caption":"Kendlingers K&K Philharmoniker"},"image":{"@id":"https:\/\/kkphil.at\/#\/schema\/logo\/image\/"}}]}},"_links":{"self":[{"href":"https:\/\/kkphil.at\/en\/wp-json\/wp\/v2\/pages\/29618","targetHints":{"allow":["GET"]}}],"collection":[{"href":"https:\/\/kkphil.at\/en\/wp-json\/wp\/v2\/pages"}],"about":[{"href":"https:\/\/kkphil.at\/en\/wp-json\/wp\/v2\/types\/page"}],"author":[{"embeddable":true,"href":"https:\/\/kkphil.at\/en\/wp-json\/wp\/v2\/users\/1"}],"replies":[{"embeddable":true,"href":"https:\/\/kkphil.at\/en\/wp-json\/wp\/v2\/comments?post=29618"}],"version-history":[{"count":0,"href":"https:\/\/kkphil.at\/en\/wp-json\/wp\/v2\/pages\/29618\/revisions"}],"wp:attachment":[{"href":"https:\/\/kkphil.at\/en\/wp-json\/wp\/v2\/media?parent=29618"}],"curies":[{"name":"wp","href":"https:\/\/api.w.org\/{rel}","templated":true}]}}