{"id":26549,"date":"2018-10-11T16:58:27","date_gmt":"2018-10-11T14:58:27","guid":{"rendered":"https:\/\/kkphil.at\/?page_id=26549"},"modified":"2018-10-02T11:07:25","modified_gmt":"2018-10-02T09:07:25","slug":"kunstner","status":"publish","type":"page","link":"https:\/\/kkphil.at\/da\/kunstner\/","title":{"rendered":"Kunstner"},"content":{"rendered":"<div id=\"cmsmasters_row_2xty235vb6\" class=\"cmsmasters_row cmsmasters_color_scheme_default cmsmasters_row_top_default cmsmasters_row_bot_default cmsmasters_row_boxed\">\n<div class=\"cmsmasters_row_outer_parent\">\n<div class=\"cmsmasters_row_outer\">\n<div class=\"cmsmasters_row_inner\">\n<div class=\"cmsmasters_row_margin\">\n<div id=\"cmsmasters_column_vzwysgyhgo\" class=\"cmsmasters_column one_first\">\n<div class=\"cmsmasters_column_inner\"><div class=\"cmsmasters_text\">\n<h2>Kunstner<\/h2>\n<\/div>\n<\/div><\/div>\n<\/div>\n<\/div>\n<\/div>\n<\/div>\n<\/div>\n<div id=\"cmsmasters_row_0oddhuqj2\" class=\"cmsmasters_row cmsmasters_color_scheme_default cmsmasters_row_top_default cmsmasters_row_bot_default cmsmasters_row_boxed\">\n<div class=\"cmsmasters_row_outer_parent\">\n<div class=\"cmsmasters_row_outer\">\n<div class=\"cmsmasters_row_inner\">\n<div class=\"cmsmasters_row_margin\">\n<div id=\"cmsmasters_column_obk7vj4k2\" class=\"cmsmasters_column one_first\">\n<div class=\"cmsmasters_column_inner\"><div id=\"cmsmasters_profile_69e73a5820c0a\" class=\"cmsmasters_profile horizontal\">\n<!-- Start Profile Horizontal Article -->\r\n<article id=\"post-26525\" class=\"cmsmasters_profile_horizontal one_fourth post-26525 profile type-profile status-publish has-post-thumbnail hentry pl-categs-dirigent pl-categs-gruender pl-categs-kuenstler\">\r\n\t<div class=\"profile_outer\">\r\n\t<div class=\"cmsmasters_profile_img_wrap\"><figure class=\"cmsmasters_img_rollover_wrap preloader\"><img loading=\"lazy\" decoding=\"async\" width=\"300\" height=\"300\" src=\"https:\/\/kkphil.at\/wp-content\/uploads\/2018\/01\/Matthias-Georg-Kendlinger\u00a9Ascher-300x300.jpg\" class=\"full-width wp-post-image\" alt=\"Matthias Georg Kendlinger\" title=\"Matthias Georg Kendlinger\u00a9Ascher\" srcset=\"https:\/\/kkphil.at\/wp-content\/uploads\/2018\/01\/Matthias-Georg-Kendlinger\u00a9Ascher-300x300.jpg 300w, https:\/\/kkphil.at\/wp-content\/uploads\/2018\/01\/Matthias-Georg-Kendlinger\u00a9Ascher-70x70.jpg 70w, https:\/\/kkphil.at\/wp-content\/uploads\/2018\/01\/Matthias-Georg-Kendlinger\u00a9Ascher-360x360.jpg 360w\" sizes=\"auto, (max-width: 300px) 100vw, 300px\" \/><div class=\"cmsmasters_img_rollover\"><a href=\"https:\/\/kkphil.at\/da\/ueber-uns\/matthias-georg-kendlinger\/\" title=\"Matthias Georg Kendlinger\" class=\"cmsmasters_open_post_link cmsmasters_theme_icon_post_link\"><\/a><\/div><\/figure><\/div><div class=\"profile_inner\"><header class=\"cmsmasters_profile_header entry-header\"><h4 class=\"cmsmasters_profile_title entry-title\"><a href=\"https:\/\/kkphil.at\/da\/ueber-uns\/matthias-georg-kendlinger\/\">Matthias Georg Kendlinger<\/a><\/h4><h6 class=\"cmsmasters_profile_subtitle\">Grundl\u00e6gger, dirigent, komponist<\/h6><\/header><div class=\"cmsmasters_profile_content entry-content\">\n<p>Den \u00f8strigske impresario, dirigent og komponist Matthias Georg Kendlinger er grundl\u00e6ggeren af K&K Philharmoniker, og han har ogs\u00e5 etableret Das \u00d6sterreichische K&K Ballett, K&K Opernchor og Tiroler Beethoven-Tage\u2026<\/p>\n<\/div>\n<\/div>\t<\/div>\r\n<\/article>\r\n<!-- Finish Profile Horizontal Article -->\r\n\r\n<!-- Start Profile Horizontal Article -->\r\n<article id=\"post-26542\" class=\"cmsmasters_profile_horizontal one_fourth post-26542 profile type-profile status-publish has-post-thumbnail hentry pl-categs-dirigent pl-categs-kuenstler\">\r\n\t<div class=\"profile_outer\">\r\n\t<div class=\"cmsmasters_profile_img_wrap\"><figure class=\"cmsmasters_img_rollover_wrap preloader\"><img loading=\"lazy\" decoding=\"async\" width=\"300\" height=\"300\" src=\"https:\/\/kkphil.at\/wp-content\/uploads\/2018\/01\/Maximilian-Kendlinger_Krisztian-Miklos_5344-300x300.jpg\" class=\"full-width wp-post-image\" alt=\"Maximilian Kendlinger\" title=\"Maximilian-Kendlinger_Krisztian-Miklos_5344\" srcset=\"https:\/\/kkphil.at\/wp-content\/uploads\/2018\/01\/Maximilian-Kendlinger_Krisztian-Miklos_5344-300x300.jpg 300w, https:\/\/kkphil.at\/wp-content\/uploads\/2018\/01\/Maximilian-Kendlinger_Krisztian-Miklos_5344-70x70.jpg 70w, https:\/\/kkphil.at\/wp-content\/uploads\/2018\/01\/Maximilian-Kendlinger_Krisztian-Miklos_5344-360x360.jpg 360w, https:\/\/kkphil.at\/wp-content\/uploads\/2018\/01\/Maximilian-Kendlinger_Krisztian-Miklos_5344-580x580.jpg 580w\" sizes=\"auto, (max-width: 300px) 100vw, 300px\" \/><div class=\"cmsmasters_img_rollover\"><a href=\"https:\/\/kkphil.at\/da\/ueber-uns\/maximilian-kendlinger\/\" title=\"Maximilian Kendlinger\" class=\"cmsmasters_open_post_link cmsmasters_theme_icon_post_link\"><\/a><\/div><\/figure><\/div><div class=\"profile_inner\"><header class=\"cmsmasters_profile_header entry-header\"><h4 class=\"cmsmasters_profile_title entry-title\"><a href=\"https:\/\/kkphil.at\/da\/ueber-uns\/maximilian-kendlinger\/\">Maximilian Kendlinger<\/a><\/h4><h6 class=\"cmsmasters_profile_subtitle\">Dirigent<\/h6><\/header><div class=\"cmsmasters_profile_content entry-content\">\n<p>Da han var 13 \u00e5r gammel, fik han f\u00f8rste gang overrakt taktstokken af sin far, Matthias Georg Kendlinger, i Tonhalle i D\u00fcsseldorf. Maximilian Kendlinger, f\u00f8dt i 1998, spiller klaver, akkordeon og slagt\u00f8j og gjorde sig allerede som 16-\u00e5rig g\u00e6ldende som organist<\/p>\n<\/div>\n<\/div>\t<\/div>\r\n<\/article>\r\n<!-- Finish Profile Horizontal Article -->\r\n\r\n<!-- Start Profile Horizontal Article -->\r\n<article id=\"post-26521\" class=\"cmsmasters_profile_horizontal one_fourth post-26521 profile type-profile status-publish has-post-thumbnail hentry pl-categs-dirigent pl-categs-kuenstler\">\r\n\t<div class=\"profile_outer\">\r\n\t<div class=\"cmsmasters_profile_img_wrap\"><figure class=\"cmsmasters_img_rollover_wrap preloader\"><img loading=\"lazy\" decoding=\"async\" width=\"300\" height=\"300\" src=\"https:\/\/kkphil.at\/wp-content\/uploads\/2018\/04\/Taras_Lenko-300x300.jpg\" class=\"full-width wp-post-image\" alt=\"Taras Lenko\" title=\"Taras_Lenko\" srcset=\"https:\/\/kkphil.at\/wp-content\/uploads\/2018\/04\/Taras_Lenko-e1533052729822.jpg 300w, https:\/\/kkphil.at\/wp-content\/uploads\/2018\/04\/Taras_Lenko-600x600.jpg 600w, https:\/\/kkphil.at\/wp-content\/uploads\/2018\/04\/Taras_Lenko-768x768.jpg 768w, https:\/\/kkphil.at\/wp-content\/uploads\/2018\/04\/Taras_Lenko-1024x1024.jpg 1024w, https:\/\/kkphil.at\/wp-content\/uploads\/2018\/04\/Taras_Lenko-70x70.jpg 70w, https:\/\/kkphil.at\/wp-content\/uploads\/2018\/04\/Taras_Lenko-360x360.jpg 360w, https:\/\/kkphil.at\/wp-content\/uploads\/2018\/04\/Taras_Lenko-580x580.jpg 580w, https:\/\/kkphil.at\/wp-content\/uploads\/2018\/04\/Taras_Lenko-860x860.jpg 860w, https:\/\/kkphil.at\/wp-content\/uploads\/2018\/04\/Taras_Lenko-1160x1160.jpg 1160w\" sizes=\"auto, (max-width: 300px) 100vw, 300px\" \/><div class=\"cmsmasters_img_rollover\"><a href=\"https:\/\/kkphil.at\/da\/ueber-uns\/taras-lenko\/\" title=\"Taras Lenko\" class=\"cmsmasters_open_post_link cmsmasters_theme_icon_post_link\"><\/a><\/div><\/figure><\/div><div class=\"profile_inner\"><header class=\"cmsmasters_profile_header entry-header\"><h4 class=\"cmsmasters_profile_title entry-title\"><a href=\"https:\/\/kkphil.at\/da\/ueber-uns\/taras-lenko\/\">Taras Lenko<\/a><\/h4><h6 class=\"cmsmasters_profile_subtitle\">Dirigent<\/h6><\/header><div class=\"cmsmasters_profile_content entry-content\">\n<p>Taras Lenko studerede violin, klarinet samt opera- og symfoniorkesterledelse ved det nationale musikakademi Mykola Lysenko i Lviv. Han har spillet i statsoperaen i Lviv og modtaget en r\u00e6kke internationale priser\u2026<\/p>\n<\/div>\n<\/div>\t<\/div>\r\n<\/article>\r\n<!-- Finish Profile Horizontal Article -->\r\n\r\n<!-- Start Profile Horizontal Article -->\r\n<article id=\"post-26544\" class=\"cmsmasters_profile_horizontal one_fourth post-26544 profile type-profile status-publish has-post-thumbnail hentry pl-categs-dirigent pl-categs-kuenstler\">\r\n\t<div class=\"profile_outer\">\r\n\t<div class=\"cmsmasters_profile_img_wrap\"><figure class=\"cmsmasters_img_rollover_wrap preloader\"><img loading=\"lazy\" decoding=\"async\" width=\"300\" height=\"300\" src=\"https:\/\/kkphil.at\/wp-content\/uploads\/2018\/04\/Kerschbaum-300x300.jpg\" class=\"full-width wp-post-image\" alt=\"Martin Kerschbaum\" title=\"Kerschbaum\" srcset=\"https:\/\/kkphil.at\/wp-content\/uploads\/2018\/04\/Kerschbaum-300x300.jpg 300w, https:\/\/kkphil.at\/wp-content\/uploads\/2018\/04\/Kerschbaum.jpg 600w, https:\/\/kkphil.at\/wp-content\/uploads\/2018\/04\/Kerschbaum-70x70.jpg 70w, https:\/\/kkphil.at\/wp-content\/uploads\/2018\/04\/Kerschbaum-360x360.jpg 360w, https:\/\/kkphil.at\/wp-content\/uploads\/2018\/04\/Kerschbaum-580x580.jpg 580w\" sizes=\"auto, (max-width: 300px) 100vw, 300px\" \/><div class=\"cmsmasters_img_rollover\"><a href=\"https:\/\/kkphil.at\/da\/ueber-uns\/martin-kerschbaum\/\" title=\"Martin Kerschbaum\" class=\"cmsmasters_open_post_link cmsmasters_theme_icon_post_link\"><\/a><\/div><\/figure><\/div><div class=\"profile_inner\"><header class=\"cmsmasters_profile_header entry-header\"><h4 class=\"cmsmasters_profile_title entry-title\"><a href=\"https:\/\/kkphil.at\/da\/ueber-uns\/martin-kerschbaum\/\">Martin Kerschbaum<\/a><\/h4><h6 class=\"cmsmasters_profile_subtitle\">Dirigent<\/h6><\/header><div class=\"cmsmasters_profile_content entry-content\">\n<p>Martin Kerschbaum studerede i Wien, er chefdirigent for Vienna Classical Players og har indspillet flere CD\u2019er. Han har optr\u00e5dt sammen...<\/p>\n<\/div>\n<\/div>\t<\/div>\r\n<\/article>\r\n<!-- Finish Profile Horizontal Article -->\r\n\r\n<\/div>\n<\/div><\/div>\n<\/div>\n<\/div>\n<\/div>\n<\/div>\n<\/div>\n<div id=\"cmsmasters_row_4w9icu5g7l\" class=\"cmsmasters_row cmsmasters_color_scheme_default cmsmasters_row_top_default cmsmasters_row_bot_default cmsmasters_row_boxed\">\n<div class=\"cmsmasters_row_outer_parent\">\n<div class=\"cmsmasters_row_outer\">\n<div class=\"cmsmasters_row_inner\">\n<div class=\"cmsmasters_row_margin\">\n<div id=\"cmsmasters_column_vppz2sngsb\" class=\"cmsmasters_column one_first\">\n<div class=\"cmsmasters_column_inner\"><div id=\"cmsmasters_profile_69e73a58254a9\" class=\"cmsmasters_profile horizontal\">\n<!-- Start Profile Horizontal Article -->\r\n<article id=\"post-26517\" class=\"cmsmasters_profile_horizontal one_fourth post-26517 profile type-profile status-publish has-post-thumbnail hentry pl-categs-ensemble pl-categs-kuenstler\">\r\n\t<div class=\"profile_outer\">\r\n\t<div class=\"cmsmasters_profile_img_wrap\"><figure class=\"cmsmasters_img_rollover_wrap preloader\"><img loading=\"lazy\" decoding=\"async\" width=\"300\" height=\"300\" src=\"https:\/\/kkphil.at\/wp-content\/uploads\/2018\/06\/Streicher_1920x1275-300x300.jpg\" class=\"full-width wp-post-image\" alt=\"K&#038;K Philharmoniker\" title=\"Streicher_1920x1275\" srcset=\"https:\/\/kkphil.at\/wp-content\/uploads\/2018\/06\/Streicher_1920x1275-300x300.jpg 300w, https:\/\/kkphil.at\/wp-content\/uploads\/2018\/06\/Streicher_1920x1275-70x70.jpg 70w, https:\/\/kkphil.at\/wp-content\/uploads\/2018\/06\/Streicher_1920x1275-360x360.jpg 360w, https:\/\/kkphil.at\/wp-content\/uploads\/2018\/06\/Streicher_1920x1275-580x580.jpg 580w\" sizes=\"auto, (max-width: 300px) 100vw, 300px\" \/><div class=\"cmsmasters_img_rollover\"><a href=\"https:\/\/kkphil.at\/da\/ueber-uns\/kk-philharmoniker\/\" title=\"K&#038;K Philharmoniker\" class=\"cmsmasters_open_post_link cmsmasters_theme_icon_post_link\"><\/a><\/div><\/figure><\/div><div class=\"profile_inner\"><header class=\"cmsmasters_profile_header entry-header\"><h4 class=\"cmsmasters_profile_title entry-title\"><a href=\"https:\/\/kkphil.at\/da\/ueber-uns\/kk-philharmoniker\/\">K&#038;K Philharmoniker<\/a><\/h4><h6 class=\"cmsmasters_profile_subtitle\">Gegr\u00fcndet von Matthias Georg Kendlinger<\/h6><\/header><div class=\"cmsmasters_profile_content entry-content\">\n<p>Det ber\u00f8mte orkester, der b\u00e6rer sine \u00f8strigske grundl\u00e6ggeres \u2013 Matthias Georg Kendlinger og hans hustru Larissa \u2013 initialer, videref\u00f8rer Donaumonarkiets gyldne \u00e6ra med den glansfulde musiktradition\u2026<\/p>\n<\/div>\n<\/div>\t<\/div>\r\n<\/article>\r\n<!-- Finish Profile Horizontal Article -->\r\n\r\n<!-- Start Profile Horizontal Article -->\r\n<article id=\"post-26523\" class=\"cmsmasters_profile_horizontal one_fourth post-26523 profile type-profile status-publish has-post-thumbnail hentry pl-categs-ensemble pl-categs-kuenstler\">\r\n\t<div class=\"profile_outer\">\r\n\t<div class=\"cmsmasters_profile_img_wrap\"><figure class=\"cmsmasters_img_rollover_wrap preloader\"><img loading=\"lazy\" decoding=\"async\" width=\"300\" height=\"300\" src=\"https:\/\/kkphil.at\/wp-content\/uploads\/2018\/09\/KK-Streichquartett_2-300x300.jpg\" class=\"full-width wp-post-image\" alt=\"K&#038;K String Quartet\" title=\"K&amp;K-Streichquartett_2\" srcset=\"https:\/\/kkphil.at\/wp-content\/uploads\/2018\/09\/KK-Streichquartett_2-300x300.jpg 300w, https:\/\/kkphil.at\/wp-content\/uploads\/2018\/09\/KK-Streichquartett_2-70x70.jpg 70w, https:\/\/kkphil.at\/wp-content\/uploads\/2018\/09\/KK-Streichquartett_2-360x360.jpg 360w, https:\/\/kkphil.at\/wp-content\/uploads\/2018\/09\/KK-Streichquartett_2-580x580.jpg 580w\" sizes=\"auto, (max-width: 300px) 100vw, 300px\" \/><div class=\"cmsmasters_img_rollover\"><a href=\"https:\/\/kkphil.at\/da\/ueber-uns\/kk-string-quartet\/\" title=\"K&#038;K String Quartet\" class=\"cmsmasters_open_post_link cmsmasters_theme_icon_post_link\"><\/a><\/div><\/figure><\/div><div class=\"profile_inner\"><header class=\"cmsmasters_profile_header entry-header\"><h4 class=\"cmsmasters_profile_title entry-title\"><a href=\"https:\/\/kkphil.at\/da\/ueber-uns\/kk-string-quartet\/\">K&#038;K String Quartet<\/a><\/h4><\/header><\/div>\t<\/div>\r\n<\/article>\r\n<!-- Finish Profile Horizontal Article -->\r\n\r\n<!-- Start Profile Horizontal Article -->\r\n<article id=\"post-26515\" class=\"cmsmasters_profile_horizontal one_fourth post-26515 profile type-profile status-publish has-post-thumbnail hentry pl-categs-ensemble pl-categs-kuenstler\">\r\n\t<div class=\"profile_outer\">\r\n\t<div class=\"cmsmasters_profile_img_wrap\"><figure class=\"cmsmasters_img_rollover_wrap preloader\"><img loading=\"lazy\" decoding=\"async\" width=\"300\" height=\"300\" src=\"https:\/\/kkphil.at\/wp-content\/uploads\/2018\/04\/Head_Image_light_112-300x300.jpg\" class=\"full-width wp-post-image\" alt=\"Das \u00d6sterreichische K&#038;K Ballett\" title=\"Head_Image_light_112\" srcset=\"https:\/\/kkphil.at\/wp-content\/uploads\/2018\/04\/Head_Image_light_112-300x300.jpg 300w, https:\/\/kkphil.at\/wp-content\/uploads\/2018\/04\/Head_Image_light_112-540x540.jpg 540w, https:\/\/kkphil.at\/wp-content\/uploads\/2018\/04\/Head_Image_light_112-150x150.jpg 150w, https:\/\/kkphil.at\/wp-content\/uploads\/2018\/04\/Head_Image_light_112-70x70.jpg 70w, https:\/\/kkphil.at\/wp-content\/uploads\/2018\/04\/Head_Image_light_112-360x360.jpg 360w, https:\/\/kkphil.at\/wp-content\/uploads\/2018\/04\/Head_Image_light_112-580x580.jpg 580w, https:\/\/kkphil.at\/wp-content\/uploads\/2018\/04\/Head_Image_light_112-100x100.jpg 100w\" sizes=\"auto, (max-width: 300px) 100vw, 300px\" \/><div class=\"cmsmasters_img_rollover\"><a href=\"https:\/\/kkphil.at\/da\/ueber-uns\/das-oesterreichische-kk-ballett\/\" title=\"Das \u00d6sterreichische K&#038;K Ballett\" class=\"cmsmasters_open_post_link cmsmasters_theme_icon_post_link\"><\/a><\/div><\/figure><\/div><div class=\"profile_inner\"><header class=\"cmsmasters_profile_header entry-header\"><h4 class=\"cmsmasters_profile_title entry-title\"><a href=\"https:\/\/kkphil.at\/da\/ueber-uns\/das-oesterreichische-kk-ballett\/\">Das \u00d6sterreichische K&#038;K Ballett<\/a><\/h4><h6 class=\"cmsmasters_profile_subtitle\">Grundlagt af Matthias Georg Kendlinger<\/h6><\/header><div class=\"cmsmasters_profile_content entry-content\">\n<p>Balletkompagniet, der blev oprettet i 1998 til Wiener Johann Strauss Konzert-Gala, har siden grundl\u00e6ggelsen optr\u00e5dt i mange DaCapo-produktioner. Gerlinde Dill,...<\/p>\n<\/div>\n<\/div>\t<\/div>\r\n<\/article>\r\n<!-- Finish Profile Horizontal Article -->\r\n\r\n<\/div>\n<\/div><\/div>\n<\/div>\n<\/div>\n<\/div>\n<\/div>\n<\/div>\n\n","protected":false},"excerpt":{"rendered":"","protected":false},"author":1,"featured_media":0,"parent":0,"menu_order":0,"comment_status":"closed","ping_status":"closed","template":"","meta":{"footnotes":""},"class_list":["post-26549","page","type-page","status-publish","hentry"],"yoast_head":"<!-- This site is optimized with the Yoast SEO plugin v26.9 - https:\/\/yoast.com\/product\/yoast-seo-wordpress\/ -->\n<title>Kunstner - Kendlingers K&amp;K Philharmoniker<\/title>\n<meta name=\"robots\" content=\"index, follow, max-snippet:-1, max-image-preview:large, max-video-preview:-1\" \/>\n<link rel=\"canonical\" href=\"https:\/\/kkphil.at\/da\/kunstner\/\" \/>\n<meta property=\"og:locale\" content=\"da_DK\" \/>\n<meta property=\"og:type\" content=\"article\" \/>\n<meta property=\"og:title\" content=\"Kunstner - Kendlingers K&amp;K Philharmoniker\" \/>\n<meta property=\"og:url\" content=\"https:\/\/kkphil.at\/da\/kunstner\/\" \/>\n<meta property=\"og:site_name\" content=\"Kendlingers K&amp;K Philharmoniker\" \/>\n<meta name=\"twitter:card\" content=\"summary_large_image\" \/>\n<meta name=\"twitter:label1\" content=\"Estimeret l\u00e6setid\" \/>\n\t<meta name=\"twitter:data1\" content=\"2 minutter\" \/>\n<script type=\"application\/ld+json\" class=\"yoast-schema-graph\">{\"@context\":\"https:\/\/schema.org\",\"@graph\":[{\"@type\":\"WebPage\",\"@id\":\"https:\/\/kkphil.at\/da\/kunstner\/\",\"url\":\"https:\/\/kkphil.at\/da\/kunstner\/\",\"name\":\"Kunstner - Kendlingers K&amp;K Philharmoniker\",\"isPartOf\":{\"@id\":\"https:\/\/kkphil.at\/#website\"},\"datePublished\":\"2018-10-11T14:58:27+00:00\",\"breadcrumb\":{\"@id\":\"https:\/\/kkphil.at\/da\/kunstner\/#breadcrumb\"},\"inLanguage\":\"da-DK\",\"potentialAction\":[{\"@type\":\"ReadAction\",\"target\":[\"https:\/\/kkphil.at\/da\/kunstner\/\"]}]},{\"@type\":\"BreadcrumbList\",\"@id\":\"https:\/\/kkphil.at\/da\/kunstner\/#breadcrumb\",\"itemListElement\":[{\"@type\":\"ListItem\",\"position\":1,\"name\":\"Home\",\"item\":\"https:\/\/kkphil.at\/da\/\"},{\"@type\":\"ListItem\",\"position\":2,\"name\":\"Kunstner\"}]},{\"@type\":\"WebSite\",\"@id\":\"https:\/\/kkphil.at\/#website\",\"url\":\"https:\/\/kkphil.at\/\",\"name\":\"Kendlingers K&amp;K Philharmoniker\",\"description\":\"Konzerte von Matthias Georg Kendlinger und seinen K&amp;K Ensembles\",\"publisher\":{\"@id\":\"https:\/\/kkphil.at\/#organization\"},\"potentialAction\":[{\"@type\":\"SearchAction\",\"target\":{\"@type\":\"EntryPoint\",\"urlTemplate\":\"https:\/\/kkphil.at\/?s={search_term_string}\"},\"query-input\":{\"@type\":\"PropertyValueSpecification\",\"valueRequired\":true,\"valueName\":\"search_term_string\"}}],\"inLanguage\":\"da-DK\"},{\"@type\":\"Organization\",\"@id\":\"https:\/\/kkphil.at\/#organization\",\"name\":\"Kendlingers K&K Philharmoniker\",\"url\":\"https:\/\/kkphil.at\/\",\"logo\":{\"@type\":\"ImageObject\",\"inLanguage\":\"da-DK\",\"@id\":\"https:\/\/kkphil.at\/#\/schema\/logo\/image\/\",\"url\":\"https:\/\/kkphil.at\/wp-content\/uploads\/2019\/05\/KK_head_Logo_19_ret_gs.png\",\"contentUrl\":\"https:\/\/kkphil.at\/wp-content\/uploads\/2019\/05\/KK_head_Logo_19_ret_gs.png\",\"width\":3543,\"height\":709,\"caption\":\"Kendlingers K&K Philharmoniker\"},\"image\":{\"@id\":\"https:\/\/kkphil.at\/#\/schema\/logo\/image\/\"}}]}<\/script>\n<!-- \/ Yoast SEO plugin. -->","yoast_head_json":{"title":"Kunstner - Kendlingers K&amp;K Philharmoniker","robots":{"index":"index","follow":"follow","max-snippet":"max-snippet:-1","max-image-preview":"max-image-preview:large","max-video-preview":"max-video-preview:-1"},"canonical":"https:\/\/kkphil.at\/da\/kunstner\/","og_locale":"da_DK","og_type":"article","og_title":"Kunstner - Kendlingers K&amp;K Philharmoniker","og_url":"https:\/\/kkphil.at\/da\/kunstner\/","og_site_name":"Kendlingers K&amp;K Philharmoniker","twitter_card":"summary_large_image","twitter_misc":{"Estimeret l\u00e6setid":"2 minutter"},"schema":{"@context":"https:\/\/schema.org","@graph":[{"@type":"WebPage","@id":"https:\/\/kkphil.at\/da\/kunstner\/","url":"https:\/\/kkphil.at\/da\/kunstner\/","name":"Kunstner - Kendlingers K&amp;K Philharmoniker","isPartOf":{"@id":"https:\/\/kkphil.at\/#website"},"datePublished":"2018-10-11T14:58:27+00:00","breadcrumb":{"@id":"https:\/\/kkphil.at\/da\/kunstner\/#breadcrumb"},"inLanguage":"da-DK","potentialAction":[{"@type":"ReadAction","target":["https:\/\/kkphil.at\/da\/kunstner\/"]}]},{"@type":"BreadcrumbList","@id":"https:\/\/kkphil.at\/da\/kunstner\/#breadcrumb","itemListElement":[{"@type":"ListItem","position":1,"name":"Home","item":"https:\/\/kkphil.at\/da\/"},{"@type":"ListItem","position":2,"name":"Kunstner"}]},{"@type":"WebSite","@id":"https:\/\/kkphil.at\/#website","url":"https:\/\/kkphil.at\/","name":"Kendlingers K&amp;K Philharmoniker","description":"Konzerte von Matthias Georg Kendlinger und seinen K&amp;K Ensembles","publisher":{"@id":"https:\/\/kkphil.at\/#organization"},"potentialAction":[{"@type":"SearchAction","target":{"@type":"EntryPoint","urlTemplate":"https:\/\/kkphil.at\/?s={search_term_string}"},"query-input":{"@type":"PropertyValueSpecification","valueRequired":true,"valueName":"search_term_string"}}],"inLanguage":"da-DK"},{"@type":"Organization","@id":"https:\/\/kkphil.at\/#organization","name":"Kendlingers K&K Philharmoniker","url":"https:\/\/kkphil.at\/","logo":{"@type":"ImageObject","inLanguage":"da-DK","@id":"https:\/\/kkphil.at\/#\/schema\/logo\/image\/","url":"https:\/\/kkphil.at\/wp-content\/uploads\/2019\/05\/KK_head_Logo_19_ret_gs.png","contentUrl":"https:\/\/kkphil.at\/wp-content\/uploads\/2019\/05\/KK_head_Logo_19_ret_gs.png","width":3543,"height":709,"caption":"Kendlingers K&K Philharmoniker"},"image":{"@id":"https:\/\/kkphil.at\/#\/schema\/logo\/image\/"}}]}},"_links":{"self":[{"href":"https:\/\/kkphil.at\/da\/wp-json\/wp\/v2\/pages\/26549","targetHints":{"allow":["GET"]}}],"collection":[{"href":"https:\/\/kkphil.at\/da\/wp-json\/wp\/v2\/pages"}],"about":[{"href":"https:\/\/kkphil.at\/da\/wp-json\/wp\/v2\/types\/page"}],"author":[{"embeddable":true,"href":"https:\/\/kkphil.at\/da\/wp-json\/wp\/v2\/users\/1"}],"replies":[{"embeddable":true,"href":"https:\/\/kkphil.at\/da\/wp-json\/wp\/v2\/comments?post=26549"}],"version-history":[{"count":0,"href":"https:\/\/kkphil.at\/da\/wp-json\/wp\/v2\/pages\/26549\/revisions"}],"wp:attachment":[{"href":"https:\/\/kkphil.at\/da\/wp-json\/wp\/v2\/media?parent=26549"}],"curies":[{"name":"wp","href":"https:\/\/api.w.org\/{rel}","templated":true}]}}